{"id":32,"date":"2025-11-22T17:13:11","date_gmt":"2025-11-22T17:13:11","guid":{"rendered":"https:\/\/elektrykzpasja.pl\/?page_id=32"},"modified":"2025-11-22T17:16:00","modified_gmt":"2025-11-22T17:16:00","slug":"szukasz-dobrego-energicznego-dja-na-impreze","status":"publish","type":"page","link":"https:\/\/elektrykzpasja.pl\/index.php\/szukasz-dobrego-energicznego-dja-na-impreze\/","title":{"rendered":"Szukasz Dobrego Energicznego DJ&#8217;A na Imprez\u0119?"},"content":{"rendered":"\n<h3 class=\"wp-block-heading\"><strong>DJ vljacke \u2013 Profesjonalna oprawa muzyczna na najwy\u017cszym poziomie<\/strong><\/h3>\n\n\n\n<p>Szukasz DJ-a, kt\u00f3ry zapewni niezapomnian\u0105 atmosfer\u0119 na Twoim wydarzeniu? DJ <strong>vljacke<\/strong> to gwarancja najlepszej muzyki, pe\u0142nego profesjonalizmu oraz indywidualnego podej\u015bcia do ka\u017cdego eventu.<\/p>\n\n\n\n<h3 class=\"wp-block-heading\"><strong>Oferta<\/strong>:<\/h3>\n\n\n\n<p>DJ <strong>vljacke<\/strong> Specjalizuje si\u0119 w obs\u0142udze:<\/p>\n\n\n\n<ul class=\"wp-block-list\">\n<li>imprez firmowych<\/li>\n\n\n\n<li>przyj\u0119\u0107 okoliczno\u015bciowych<\/li>\n\n\n\n<li>studni\u00f3wek i bal\u00f3w<\/li>\n\n\n\n<li>klubowych event\u00f3w i koncert\u00f3w<\/li>\n\n\n\n<li>wydarze\u0144 plenerowych<\/li>\n<\/ul>\n\n\n\n<p>Repertuar dopasowany jest do charakteru imprezy i preferencji klienta \u2013 od klasycznych hit\u00f3w, przez muzyk\u0119 taneczn\u0105, po nowoczesne brzmienia elektroniczne.<\/p>\n\n\n\n<h3 class=\"wp-block-heading\"><strong>Sprz\u0119t i jako\u015b\u0107<\/strong><\/h3>\n\n\n\n<ul class=\"wp-block-list\">\n<li class=\"animated backInDown delay-1s faster\">profesjonalne nag\u0142o\u015bnienie i o\u015bwietlenie<\/li>\n\n\n\n<li>mo\u017cliwo\u015b\u0107 przygotowania dedykowanych set\u00f3w tematycznych<\/li>\n<\/ul>\n\n\n\n<h3 class=\"wp-block-heading\"><strong>Legalna muzyka \u2013 pe\u0142ne licencje<\/strong><\/h3>\n\n\n\n<p>Pracuje wy\u0142\u0105cznie na <strong>legalnych \u017ar\u00f3d\u0142ach muzyki<\/strong>, posiadaj\u0105c komplet wymaganych licencji, w tym:<\/p>\n\n\n\n<ul class=\"wp-block-list\">\n<li>Legalne biblioteki cyfrowe oraz zakupione utwory od oficjalnych dystrybutor\u00f3w<\/li>\n\n\n\n<li>Muzyka pozyskana zgodnie z obowi\u0105zuj\u0105cymi przepisami prawa autorskiego<\/li>\n<\/ul>\n\n\n\n<p>Dzi\u0119ki temu masz pewno\u015b\u0107, \u017ce Twoje wydarzenie jest w pe\u0142ni zgodne z prawem i wolne od ryzyka kar czy kontroli.<\/p>\n\n\n\n<p>Kontakt:<\/p>\n\n\n\n<p>SMS\/MMS\/IMessage: 739699755<\/p>\n\n\n\n<p>e-mail: piotr.garbicz@icloud.com<\/p>\n","protected":false},"excerpt":{"rendered":"<p>DJ vljacke \u2013 Profesjonalna oprawa muzyczna na najwy\u017cszym poziomie Szukasz DJ-a, kt\u00f3ry zapewni niezapomnian\u0105 atmosfer\u0119 na Twoim wydarzeniu? DJ vljacke to gwarancja najlepszej muzyki, pe\u0142nego profesjonalizmu oraz indywidualnego podej\u015bcia do ka\u017cdego eventu. Oferta: DJ vljacke Specjalizuje si\u0119 w obs\u0142udze: Repertuar dopasowany jest do charakteru imprezy i preferencji klienta \u2013 od [&hellip;]<\/p>\n","protected":false},"author":1,"featured_media":0,"parent":0,"menu_order":0,"comment_status":"closed","ping_status":"closed","template":"","meta":{"_themeisle_gutenberg_block_has_review":false,"footnotes":""},"class_list":["post-32","page","type-page","status-publish","hentry"],"_links":{"self":[{"href":"https:\/\/elektrykzpasja.pl\/index.php\/wp-json\/wp\/v2\/pages\/32","targetHints":{"allow":["GET"]}}],"collection":[{"href":"https:\/\/elektrykzpasja.pl\/index.php\/wp-json\/wp\/v2\/pages"}],"about":[{"href":"https:\/\/elektrykzpasja.pl\/index.php\/wp-json\/wp\/v2\/types\/page"}],"author":[{"embeddable":true,"href":"https:\/\/elektrykzpasja.pl\/index.php\/wp-json\/wp\/v2\/users\/1"}],"replies":[{"embeddable":true,"href":"https:\/\/elektrykzpasja.pl\/index.php\/wp-json\/wp\/v2\/comments?post=32"}],"version-history":[{"count":2,"href":"https:\/\/elektrykzpasja.pl\/index.php\/wp-json\/wp\/v2\/pages\/32\/revisions"}],"predecessor-version":[{"id":36,"href":"https:\/\/elektrykzpasja.pl\/index.php\/wp-json\/wp\/v2\/pages\/32\/revisions\/36"}],"wp:attachment":[{"href":"https:\/\/elektrykzpasja.pl\/index.php\/wp-json\/wp\/v2\/media?parent=32"}],"curies":[{"name":"wp","href":"https:\/\/api.w.org\/{rel}","templated":true}]}}